{"id":12954,"date":"2020-12-27T08:23:10","date_gmt":"2020-12-27T08:23:10","guid":{"rendered":"https:\/\/evtech.green\/?page_id=12954"},"modified":"2025-10-28T11:29:21","modified_gmt":"2025-10-28T11:29:21","slug":"privacy-policy","status":"publish","type":"page","link":"https:\/\/evtech.green\/sq\/privacy-policy\/","title":{"rendered":"Politika e Privat\u00ebsis\u00eb"},"content":{"rendered":"<div data-elementor-type=\"wp-page\" data-elementor-id=\"12954\" class=\"elementor elementor-12954\">\n\t\t\t\t\t\t<section class=\"elementor-section elementor-top-section elementor-element elementor-element-2b1184b0 elementor-section-boxed elementor-section-height-default elementor-section-height-default sc_fly_static\" data-id=\"2b1184b0\" data-element_type=\"section\" data-e-type=\"section\" data-settings=\"{&quot;background_background&quot;:&quot;classic&quot;}\">\n\t\t\t\t\t\t<div class=\"elementor-container elementor-column-gap-extended\">\n\t\t\t\t\t<div class=\"elementor-column elementor-col-100 elementor-top-column elementor-element elementor-element-153e1c19 sc_content_align_inherit sc_layouts_column_icons_position_left sc_fly_static\" data-id=\"153e1c19\" data-element_type=\"column\" data-e-type=\"column\">\n\t\t\t<div class=\"elementor-widget-wrap elementor-element-populated\">\n\t\t\t\t\t\t<div class=\"elementor-element elementor-element-54db29de sc_fly_static elementor-widget elementor-widget-text-editor\" data-id=\"54db29de\" data-element_type=\"widget\" data-e-type=\"widget\" data-widget_type=\"text-editor.default\">\n\t\t\t\t<div class=\"elementor-widget-container\">\n\t\t\t\t\t\t\t\t\t<p class=\"ds-markdown-paragraph\"><strong>P\u00ebrdit\u00ebsuar p\u00ebr her\u00eb t\u00eb fundit:<\/strong> 21\/10\/2025<\/p><p class=\"ds-markdown-paragraph translation-block\"><strong>1. Hyrje<\/strong><br>Mir\u00eb se vini n\u00eb EVTech Green (\u201cne\u201d, \u201ctona\u201d ose \u201cneve\u201d). Ne operojm\u00eb faqen e internetit\u00a0<a href=\"https:\/\/evtech.green\/sq\/\" target=\"_blank\" rel=\"noopener noreferrer\">https:\/\/evtech.green\/<\/a>. <br>Ne jemi t\u00eb p\u00ebrkushtuar p\u00ebr t\u00eb mbrojtur privat\u00ebsin\u00eb tuaj dhe p\u00ebr t\u00eb trajtuar t\u00eb dh\u00ebnat tuaja me transparenc\u00eb dhe kujdes. Kjo Politik\u00eb Privat\u00ebsie shpjegon se si ne mbledhim, p\u00ebrdorim dhe mbrojm\u00eb informacionin tuaj personal kur p\u00ebrdorni faqen ton\u00eb t\u00eb internetit dhe sh\u00ebrbimet, t\u00eb cilat p\u00ebrfshijn\u00eb shitjen e automjeteve elektrike dhe paneleve diellore.<\/p><p class=\"ds-markdown-paragraph\">Duke p\u00ebrdorur faqen ton\u00eb, ju pranoni praktikat e p\u00ebrshkruara n\u00eb k\u00ebt\u00eb politik\u00eb.<\/p><p class=\"ds-markdown-paragraph\"><strong>2. Informacioni q\u00eb mbledhim<\/strong><br \/>Ne mbledhim informacione q\u00eb ju na jepni drejtp\u00ebrdrejti p\u00ebr t\u00eb ofruar sh\u00ebrbimet tona dhe p\u00ebr t\u00eb p\u00ebrmir\u00ebsuar p\u00ebrvoj\u00ebn tuaj.<\/p><ul><li><p class=\"ds-markdown-paragraph translation-block\"><strong>Formular\u00ebt e Kontaktit:<\/strong> Kur na kontaktoni n\u00ebp\u00ebrmjet nj\u00eb formulari (p.sh., p\u00ebr t\u00eb pyetur n\u00eb lidhje me nj\u00eb automjet ose panel diellor), ne mbledhim emrin, adres\u00ebn e email-it, numrin e telefonit dhe \u00e7do detaj tjet\u00ebr q\u00eb na jepni. K\u00ebto p\u00ebrdoren vet\u00ebm p\u00ebr t'iu p\u00ebrgjigjur k\u00ebrkes\u00ebs suaj.<\/p><\/li><li><p class=\"ds-markdown-paragraph translation-block\"><strong>Regjistrimet n\u00eb buletinin ton\u00eb:<\/strong> N\u00ebse zgjidhni t\u00eb abonoheni n\u00eb buletinin ton\u00eb, ne mbledhim adres\u00ebn tuaj t\u00eb email-it.<\/p><\/li><li><p class=\"ds-markdown-paragraph translation-block\"><strong>T\u00eb dh\u00ebna t\u00eb automatizuara (Cookies &amp; Analytics):<\/strong> Ne p\u00ebrdorim Google Analytics p\u00ebrmes plugin-it Site Kit p\u00ebr t\u00eb kuptuar se si vizitor\u00ebt e p\u00ebrdorin faqen ton\u00eb. K\u00ebto t\u00eb dh\u00ebna jan\u00eb anonime dhe t\u00eb p\u00ebrmbledhura, duke na ndihmuar t\u00eb analizojm\u00eb trendet dhe t\u00eb p\u00ebrmir\u00ebsojm\u00eb performanc\u00ebn e faqes son\u00eb t\u00eb internetit. Asnj\u00eb informacion personal i identifikuesh\u00ebm nuk ndahet me Google Analytics.<\/p><\/li><\/ul><p class=\"ds-markdown-paragraph translation-block\"><strong>3. Si e p\u00ebrdorim informacionin tuaj<\/strong><br>Ne e p\u00ebrdorim informacionin q\u00eb mbledhim p\u00ebr q\u00ebllimet e m\u00ebposhtme:<\/p><ul><li><p class=\"ds-markdown-paragraph\">P\u00ebr t\u00eb ofruar, operuar dhe mir\u00ebmbajtur faqen ton\u00eb t\u00eb internetit dhe sh\u00ebrbimet.<\/p><\/li><li><p class=\"ds-markdown-paragraph\">P\u00ebr t'ju kontaktuar n\u00eb lidhje me pyetjet tuaja n\u00eb lidhje me automjetet dhe panelet tona diellore.<\/p><\/li><li><p class=\"ds-markdown-paragraph\">P\u00ebr t\u00eb ofruar mb\u00ebshtetje p\u00ebr klient\u00ebt dhe p\u00ebr t'iu p\u00ebrgjigjur pyetjeve tuaja.<\/p><\/li><li><p class=\"ds-markdown-paragraph\">P\u00ebr t'ju d\u00ebrguar komunikime informuese ose marketingu (si buletini yn\u00eb) vet\u00ebm n\u00ebse keni dh\u00ebn\u00eb p\u00eblqimin tuaj t\u00eb qart\u00eb p\u00ebr t'i marr\u00eb ato.<\/p><\/li><li><p class=\"ds-markdown-paragraph\">P\u00ebr t\u00eb monitoruar dhe analizuar p\u00ebrdorimin e faqes s\u00eb internetit p\u00ebr t\u00eb p\u00ebrmir\u00ebsuar p\u00ebrmbajtjen dhe p\u00ebrvoj\u00ebn e p\u00ebrdoruesit.<\/p><\/li><\/ul><p class=\"ds-markdown-paragraph\"><strong>4. Ruajtja dhe Siguria e t\u00eb Dh\u00ebnave<\/strong><\/p><ul><li><p class=\"ds-markdown-paragraph translation-block\"><strong>Ruajtja e t\u00eb dh\u00ebnave:<\/strong> T\u00eb dh\u00ebnat tuaja ruhen n\u00eb server\u00ebt tan\u00eb t\u00eb sigurt\u00eb t\u00eb internetit.<\/p><\/li><li><p class=\"ds-markdown-paragraph translation-block\"><strong>Siguria e t\u00eb dh\u00ebnave:<\/strong> Ne zbatojm\u00eb nj\u00eb s\u00ebr\u00eb masash sigurie p\u00ebr t\u00eb ruajtur sigurin\u00eb e informacionit tuaj personal.<\/p><\/li><\/ul><p class=\"ds-markdown-paragraph translation-block\"><strong>5. Me k\u00eb i ndajm\u00eb t\u00eb dh\u00ebnat tuaja<\/strong><br>Ne e vler\u00ebsojm\u00eb privat\u00ebsin\u00eb tuaj. <strong>Ne nuk i shesim, tregtojm\u00eb ose transferojm\u00eb n\u00eb ndonj\u00eb m\u00ebnyr\u00eb tjet\u00ebr informacionin tuaj personal t\u00eb identifikuesh\u00ebm pal\u00ebve t\u00eb jashtme.<\/strong>\u00a0Kjo nuk p\u00ebrfshin pal\u00ebt e treta t\u00eb besuara q\u00eb na ndihmojn\u00eb n\u00eb operimin e faqes son\u00eb t\u00eb internetit ose n\u00eb sh\u00ebrbimin ndaj jush, p\u00ebr sa koh\u00eb q\u00eb k\u00ebto pal\u00eb bien dakord ta mbajn\u00eb k\u00ebt\u00eb informacion konfidencial.<\/p><ul><li><p class=\"ds-markdown-paragraph translation-block\"><strong>Google Analytics:<\/strong> Ne e p\u00ebrdorim k\u00ebt\u00eb sh\u00ebrbim p\u00ebr t\u00eb analizuar trafikun e faqes s\u00eb internetit. T\u00eb dh\u00ebnat jan\u00eb anonime.<\/p><\/li><li><p class=\"ds-markdown-paragraph translation-block\"><strong>Ofruesit e Sh\u00ebrbimeve:<\/strong> Ne mund t\u00eb p\u00ebrdorim sh\u00ebrbime t\u00eb pal\u00ebve t\u00eb treta (p.sh., platforma t\u00eb marketingut me email) p\u00ebr t\u00eb ndihmuar biznesin ton\u00eb, t\u00eb cil\u00ebt jan\u00eb t\u00eb detyruar t\u00eb mbrojn\u00eb t\u00eb dh\u00ebnat tuaja.<\/p><\/li><\/ul><p class=\"ds-markdown-paragraph translation-block\"><strong>6. T\u00eb drejtat tuaja mbi t\u00eb dh\u00ebnat<\/strong><br>Ju keni t\u00eb drejt\u00eb t\u00eb:<\/p><ul><li><p class=\"ds-markdown-paragraph translation-block\"><strong>Qasja:<\/strong> K\u00ebrkoni nj\u00eb kopje t\u00eb t\u00eb dh\u00ebnave personale q\u00eb mbajm\u00eb p\u00ebr ju.<\/p><\/li><li><p class=\"ds-markdown-paragraph translation-block\"><strong>Korrigjim:<\/strong>\u00a0K\u00ebrkoni q\u00eb t\u00eb korrigjojm\u00eb \u00e7do t\u00eb dh\u00ebn\u00eb t\u00eb pasakt\u00eb.<\/p><\/li><li><p class=\"ds-markdown-paragraph translation-block\"><strong>Fshirja:<\/strong>\u00a0K\u00ebrkoni q\u00eb t\u00eb fshijm\u00eb t\u00eb dh\u00ebnat tuaja personale, n\u00eb var\u00ebsi t\u00eb detyrimeve t\u00eb caktuara ligjore.<\/p><\/li><li><p class=\"ds-markdown-paragraph translation-block\"><strong>\u00c7regjistrohuni:<\/strong>\u00a0\u00c7regjistrohuni nga komunikimet tona t\u00eb marketingut n\u00eb \u00e7do koh\u00eb duke p\u00ebrdorur lidhjen \"\u00e7regjistrohuni\" n\u00eb emailet tona ose duke na kontaktuar drejtp\u00ebrdrejt.<\/p><\/li><\/ul><p class=\"ds-markdown-paragraph\">P\u00ebr t\u00eb ushtruar ndonj\u00eb nga k\u00ebto t\u00eb drejta, ju lutemi na kontaktoni duke p\u00ebrdorur informacionin m\u00eb posht\u00eb.<\/p><p class=\"ds-markdown-paragraph translation-block\"><strong>7. Kukit\u00eb<\/strong><br>Faqja jon\u00eb e internetit p\u00ebrdor \"kukit\u00eb\" p\u00ebr t\u00eb p\u00ebrmir\u00ebsuar p\u00ebrvoj\u00ebn tuaj. Kukit\u00eb jan\u00eb skedar\u00eb t\u00eb vegj\u00ebl t\u00eb ruajtur n\u00eb pajisjen tuaj q\u00eb na ndihmojn\u00eb t\u00eb kuptojm\u00eb preferencat tuaja bazuar n\u00eb aktivitetin e m\u00ebparsh\u00ebm ose aktual t\u00eb faqes. Ju mund t\u00eb zgjidhni t\u00eb \u00e7aktivizoni kukit\u00eb p\u00ebrmes cil\u00ebsimeve t\u00eb shfletuesit tuaj.<\/p><p class=\"ds-markdown-paragraph translation-block\"><strong>8. Na Kontaktoni<\/strong><br>N\u00ebse keni ndonj\u00eb pyetje n\u00eb lidhje me k\u00ebt\u00eb Politik\u00eb Privat\u00ebsie ose t\u00eb dh\u00ebnat tuaja personale, ju lutemi na kontaktoni n\u00eb:<br><strong>Email:<\/strong> <a class=\"underline_hover\" href=\"mailto:finance@evtech.green\" target=\"_self\">finance@evtech.green<\/a><br><strong>Faqja e internetit:<\/strong>\u00a0<a href=\"https:\/\/evtech.green\/sq\/\" target=\"_blank\" rel=\"noopener noreferrer\">https:\/\/evtech.green\/<\/a><\/p>\t\t\t\t\t\t\t\t<\/div>\n\t\t\t\t<\/div>\n\t\t\t\t\t<\/div>\n\t\t<\/div>\n\t\t\t\t\t<\/div>\n\t\t<\/section>\n\t\t\t\t<\/div>","protected":false},"excerpt":{"rendered":"<p>Last Updated: 21\/10\/2025 1. IntroductionWelcome to EVTech Green (&#8220;we,&#8221; &#8220;our,&#8221; or &#8220;us&#8221;). We operate the website\u00a0https:\/\/evtech.green\/. We are committed to protecting your privacy and handling your data with transparency and&hellip;<\/p>","protected":false},"author":1,"featured_media":0,"parent":0,"menu_order":0,"comment_status":"closed","ping_status":"closed","template":"","meta":{"footnotes":""},"class_list":["post-12954","page","type-page","status-publish","hentry"],"yoast_head":"<!-- This site is optimized with the Yoast SEO Premium plugin v24.0 (Yoast SEO v27.0) - https:\/\/yoast.com\/product\/yoast-seo-premium-wordpress\/ -->\n<title>Privacy Policy - EV Tech \u2013 Electric Cars &amp; Solar Energy Solutions<\/title>\n<meta name=\"robots\" content=\"noindex, follow\" \/>\n<meta property=\"og:locale\" content=\"sq_AL\" \/>\n<meta property=\"og:type\" content=\"article\" \/>\n<meta property=\"og:title\" content=\"Privacy Policy\" \/>\n<meta property=\"og:description\" content=\"Last Updated: 21\/10\/2025 1. IntroductionWelcome to EVTech Green (&#8220;we,&#8221; &#8220;our,&#8221; or &#8220;us&#8221;). We operate the website\u00a0https:\/\/evtech.green\/. We are committed to protecting your privacy and handling your data with transparency and&hellip;\" \/>\n<meta property=\"og:url\" content=\"https:\/\/evtech.green\/sq\/privacy-policy\/\" \/>\n<meta property=\"og:site_name\" content=\"EV Tech \u2013 Electric Cars &amp; Solar Energy Solutions\" \/>\n<meta property=\"article:modified_time\" content=\"2025-10-28T11:29:21+00:00\" \/>\n<meta name=\"twitter:card\" content=\"summary_large_image\" \/>\n<meta name=\"twitter:label1\" content=\"Est. reading time\" \/>\n\t<meta name=\"twitter:data1\" content=\"3 minuta\" \/>\n<script type=\"application\/ld+json\" class=\"yoast-schema-graph\">{\"@context\":\"https:\/\/schema.org\",\"@graph\":[{\"@type\":\"WebPage\",\"@id\":\"https:\/\/evtech.green\/privacy-policy\/\",\"url\":\"https:\/\/evtech.green\/privacy-policy\/\",\"name\":\"Privacy Policy - EV Tech \u2013 Electric Cars &amp; Solar Energy Solutions\",\"isPartOf\":{\"@id\":\"https:\/\/evtech.green\/#website\"},\"datePublished\":\"2020-12-27T08:23:10+00:00\",\"dateModified\":\"2025-10-28T11:29:21+00:00\",\"breadcrumb\":{\"@id\":\"https:\/\/evtech.green\/privacy-policy\/#breadcrumb\"},\"inLanguage\":\"sq\",\"potentialAction\":[{\"@type\":\"ReadAction\",\"target\":[\"https:\/\/evtech.green\/privacy-policy\/\"]}]},{\"@type\":\"BreadcrumbList\",\"@id\":\"https:\/\/evtech.green\/privacy-policy\/#breadcrumb\",\"itemListElement\":[{\"@type\":\"ListItem\",\"position\":1,\"name\":\"Home\",\"item\":\"https:\/\/evtech.green\/\"},{\"@type\":\"ListItem\",\"position\":2,\"name\":\"Privacy Policy\"}]},{\"@type\":\"WebSite\",\"@id\":\"https:\/\/evtech.green\/#website\",\"url\":\"https:\/\/evtech.green\/\",\"name\":\"EV Tech \u2013 Electric Cars & Solar Energy Solutions\",\"description\":\"Drive the future. Power your home. Explore electric cars and solar panels built for a cleaner world.\",\"publisher\":{\"@id\":\"https:\/\/evtech.green\/#organization\"},\"potentialAction\":[{\"@type\":\"SearchAction\",\"target\":{\"@type\":\"EntryPoint\",\"urlTemplate\":\"https:\/\/evtech.green\/?s={search_term_string}\"},\"query-input\":{\"@type\":\"PropertyValueSpecification\",\"valueRequired\":true,\"valueName\":\"search_term_string\"}}],\"inLanguage\":\"sq\"},{\"@type\":\"Organization\",\"@id\":\"https:\/\/evtech.green\/#organization\",\"name\":\"EV Tech \u2013 Electric Cars & Solar Energy Solutions\",\"url\":\"https:\/\/evtech.green\/\",\"logo\":{\"@type\":\"ImageObject\",\"inLanguage\":\"sq\",\"@id\":\"https:\/\/evtech.green\/#\/schema\/logo\/image\/\",\"url\":\"https:\/\/evtech.green\/wp-content\/uploads\/2025\/10\/logo50500.png\",\"contentUrl\":\"https:\/\/evtech.green\/wp-content\/uploads\/2025\/10\/logo50500.png\",\"width\":500,\"height\":500,\"caption\":\"EV Tech \u2013 Electric Cars & Solar Energy Solutions\"},\"image\":{\"@id\":\"https:\/\/evtech.green\/#\/schema\/logo\/image\/\"}}]}<\/script>\n<!-- \/ Yoast SEO Premium plugin. -->","yoast_head_json":{"title":"Privacy Policy - EV Tech \u2013 Electric Cars &amp; Solar Energy Solutions","robots":{"index":"noindex","follow":"follow"},"og_locale":"sq_AL","og_type":"article","og_title":"Privacy Policy","og_description":"Last Updated: 21\/10\/2025 1. IntroductionWelcome to EVTech Green (&#8220;we,&#8221; &#8220;our,&#8221; or &#8220;us&#8221;). We operate the website\u00a0https:\/\/evtech.green\/. We are committed to protecting your privacy and handling your data with transparency and&hellip;","og_url":"https:\/\/evtech.green\/sq\/privacy-policy\/","og_site_name":"EV Tech \u2013 Electric Cars &amp; Solar Energy Solutions","article_modified_time":"2025-10-28T11:29:21+00:00","twitter_card":"summary_large_image","twitter_misc":{"Est. reading time":"3 minuta"},"schema":{"@context":"https:\/\/schema.org","@graph":[{"@type":"WebPage","@id":"https:\/\/evtech.green\/privacy-policy\/","url":"https:\/\/evtech.green\/privacy-policy\/","name":"Privacy Policy - EV Tech \u2013 Electric Cars &amp; Solar Energy Solutions","isPartOf":{"@id":"https:\/\/evtech.green\/#website"},"datePublished":"2020-12-27T08:23:10+00:00","dateModified":"2025-10-28T11:29:21+00:00","breadcrumb":{"@id":"https:\/\/evtech.green\/privacy-policy\/#breadcrumb"},"inLanguage":"sq","potentialAction":[{"@type":"ReadAction","target":["https:\/\/evtech.green\/privacy-policy\/"]}]},{"@type":"BreadcrumbList","@id":"https:\/\/evtech.green\/privacy-policy\/#breadcrumb","itemListElement":[{"@type":"ListItem","position":1,"name":"Home","item":"https:\/\/evtech.green\/"},{"@type":"ListItem","position":2,"name":"Privacy Policy"}]},{"@type":"WebSite","@id":"https:\/\/evtech.green\/#website","url":"https:\/\/evtech.green\/","name":"EV Tech \u2013 Electric Cars & Solar Energy Solutions","description":"Drive the future. Power your home. Explore electric cars and solar panels built for a cleaner world.","publisher":{"@id":"https:\/\/evtech.green\/#organization"},"potentialAction":[{"@type":"SearchAction","target":{"@type":"EntryPoint","urlTemplate":"https:\/\/evtech.green\/?s={search_term_string}"},"query-input":{"@type":"PropertyValueSpecification","valueRequired":true,"valueName":"search_term_string"}}],"inLanguage":"sq"},{"@type":"Organization","@id":"https:\/\/evtech.green\/#organization","name":"EV Tech \u2013 Electric Cars & Solar Energy Solutions","url":"https:\/\/evtech.green\/","logo":{"@type":"ImageObject","inLanguage":"sq","@id":"https:\/\/evtech.green\/#\/schema\/logo\/image\/","url":"https:\/\/evtech.green\/wp-content\/uploads\/2025\/10\/logo50500.png","contentUrl":"https:\/\/evtech.green\/wp-content\/uploads\/2025\/10\/logo50500.png","width":500,"height":500,"caption":"EV Tech \u2013 Electric Cars & Solar Energy Solutions"},"image":{"@id":"https:\/\/evtech.green\/#\/schema\/logo\/image\/"}}]}},"_hostinger_reach_plugin_has_subscription_block":false,"_hostinger_reach_plugin_is_elementor":false,"_links":{"self":[{"href":"https:\/\/evtech.green\/sq\/wp-json\/wp\/v2\/pages\/12954","targetHints":{"allow":["GET"]}}],"collection":[{"href":"https:\/\/evtech.green\/sq\/wp-json\/wp\/v2\/pages"}],"about":[{"href":"https:\/\/evtech.green\/sq\/wp-json\/wp\/v2\/types\/page"}],"author":[{"embeddable":true,"href":"https:\/\/evtech.green\/sq\/wp-json\/wp\/v2\/users\/1"}],"replies":[{"embeddable":true,"href":"https:\/\/evtech.green\/sq\/wp-json\/wp\/v2\/comments?post=12954"}],"version-history":[{"count":3,"href":"https:\/\/evtech.green\/sq\/wp-json\/wp\/v2\/pages\/12954\/revisions"}],"predecessor-version":[{"id":22902,"href":"https:\/\/evtech.green\/sq\/wp-json\/wp\/v2\/pages\/12954\/revisions\/22902"}],"wp:attachment":[{"href":"https:\/\/evtech.green\/sq\/wp-json\/wp\/v2\/media?parent=12954"}],"curies":[{"name":"wp","href":"https:\/\/api.w.org\/{rel}","templated":true}]}}